{"id":2,"date":"2017-03-19T18:07:18","date_gmt":"2017-03-19T17:07:18","guid":{"rendered":"http:\/\/alinelafollie.fr\/?page_id=2"},"modified":"2025-11-06T00:01:15","modified_gmt":"2025-11-05T23:01:15","slug":"page-d-exemple","status":"publish","type":"page","link":"http:\/\/alinelafollie.fr\/","title":{"rendered":"Accueil"},"content":{"rendered":"\n\t<h1><strong>Aline Lafollie <\/strong><strong>C\u00e9ramique<\/strong><\/h1>\n<h1><strong>ARRAS (62)<\/strong><\/h1>\n\t<h1><\/h1>\n<h1>\u00c9v\u00e9nements<\/h1>\n<p>&nbsp;<\/p>\n<hr \/>\n<p>&nbsp;<\/p>\n<p>13 et 14 d\u00e9cembre 2025<\/p>\n<strong>Rendez-vous \u00e0 l&rsquo;atelier, ventes de No\u00ebl \/ portes ouvertes : <\/strong><strong>vide atelier et derni\u00e8res pi\u00e8ces d&rsquo;automne de mes cr\u00e9ations. <\/strong>\nAvec la pr\u00e9sence de la librairie ambulante \u201cTour et d\u00e9tours\u201c, le collectif FAIREargile et les gravures de Suzanne Letombe\n__________\n<p>20 d\u00e9cembre 2025<\/p>\n<p><strong><strong>Vente \u00e0 l&rsquo;\u00e9picerie \u201cAu d\u00e9tail pr\u00e8s\u201c \u00e0 Arras<\/strong><\/strong><\/p>\n<p>&nbsp;<\/p>\n<hr \/>\n<p><strong>D\u00e9couvrez F.A.I.R.E argile, ce collectif de poti\u00e8res dans lequel je suis tr\u00e8s investie d\u00e9sormais<\/strong><\/p>\n<a href=\"http:\/\/www.faireargile.fr\/\" target=\"_blank\" rel=\"noopener\" data-saferedirecturl=\"https:\/\/www.google.com\/url?q=http:\/\/www.faireargile.fr&amp;source=gmail&amp;ust=1665179932451000&amp;usg=AOvVaw04P4V7232P2a6MXWpbj0iR\">www.faireargile.fr<\/a>\n<p>&nbsp;<\/p>\n<hr \/>\n\t<h1>Travail r\u00e9cent<\/h1>\n\t<h3>C\u00e9ramiques en gr\u00e8s \u00e9maill\u00e9s. Technique de coulage, modelage, assemblage. Engobe, \u00e9mail, cuisson \u00e9lectrique, 1270\u00b0C.<\/h3>\n\t\t\t\t<a href=\"https:\/\/alinelafollie.fr\/wp-content\/uploads\/2024\/02\/vase-gres-hauteur-40cm-aline-lafollie.jpg\" target=\"_self\" itemprop=\"url\" rel=\"noopener\">\n\t\t\t\t<img decoding=\"async\" src=\"http:\/\/alinelafollie.fr\/wp-content\/uploads\/2024\/02\/vase-gres-hauteur-40cm-aline-lafollie.jpg\" alt=\"Vase en gr\u00e8s - hauteur 40 cm\" itemprop=\"image\" title=\"vase-gres-hauteur-40cm-aline-lafollie\" onerror=\"this.style.display='none'\"  \/>\n\t\t\t\t<\/a>\n\t\tVase en gr\u00e8s &#8211; hauteur 40 cm\n\t\t\t\t<a href=\"https:\/\/alinelafollie.fr\/wp-content\/uploads\/2024\/02\/gobelets-petits.jpg\" target=\"_self\" itemprop=\"url\" rel=\"noopener\">\n\t\t\t\t<img decoding=\"async\" src=\"http:\/\/alinelafollie.fr\/wp-content\/uploads\/2024\/02\/gobelets-petits.jpg\" alt=\"Petits gobelets en gr\u00e8s\" itemprop=\"image\" title=\"gobelets-petits\" onerror=\"this.style.display='none'\"  \/>\n\t\t\t\t<\/a>\n\t\tPetits gobelets en gr\u00e8s\n\t\t\t\t<a href=\"https:\/\/alinelafollie.fr\/wp-content\/uploads\/2024\/02\/pichet-gres-tourne-coule-hauteur-22cm.jpg\" target=\"_self\" itemprop=\"url\" rel=\"noopener\">\n\t\t\t\t<img decoding=\"async\" src=\"http:\/\/alinelafollie.fr\/wp-content\/uploads\/2024\/02\/pichet-gres-tourne-coule-hauteur-22cm.jpg\" alt=\"Pichet gr\u00e8s tourn\u00e9 coul\u00e9 - hauteur 22 cm\" itemprop=\"image\" title=\"pichet-gres-tourne-coule-hauteur-22cm\" onerror=\"this.style.display='none'\"  \/>\n\t\t\t\t<\/a>\n\t\tPichet gr\u00e8s tourn\u00e9 coul\u00e9 &#8211; hauteur 22 cm\n\t\t\t\t<a href=\"https:\/\/alinelafollie.fr\/wp-content\/uploads\/2020\/11\/1129-bol-ceramique-gres-aline-lafollie.jpg\" target=\"_self\" itemprop=\"url\" rel=\"noopener\">\n\t\t\t\t<img decoding=\"async\" src=\"http:\/\/alinelafollie.fr\/wp-content\/uploads\/2020\/11\/1129-bol-ceramique-gres-aline-lafollie.jpg\" alt=\"Bol c\u00e9ramique Aline Lafollie\" itemprop=\"image\" title=\"1129-bol-ceramique-gres-aline-lafollie\" onerror=\"this.style.display='none'\"  \/>\n\t\t\t\t<\/a>\n\t\tBol, haut : 8,5 cm \/ diam. 10,5 cm\n\t\t\t\t<a href=\"https:\/\/alinelafollie.fr\/wp-content\/uploads\/2020\/11\/1192-pichet-ceramique-gres-aline-lafollie.jpg\" target=\"_self\" itemprop=\"url\" rel=\"noopener\">\n\t\t\t\t<img decoding=\"async\" src=\"http:\/\/alinelafollie.fr\/wp-content\/uploads\/2020\/11\/1192-pichet-ceramique-gres-aline-lafollie.jpg\" alt=\"Pichet c\u00e9ramique Aline Lafollie\" itemprop=\"image\" title=\"1192-pichet-ceramique-gres-aline-lafollie\" onerror=\"this.style.display='none'\"  \/>\n\t\t\t\t<\/a>\n\t\tPichet : haut 20 cm &#8211;  Gobelet : haut 8 cm\n\t\t\t\t<a href=\"https:\/\/alinelafollie.fr\/wp-content\/uploads\/2020\/11\/1282-construction-avec-son-petit-pot.jpg\" target=\"_self\" itemprop=\"url\" rel=\"noopener\">\n\t\t\t\t<img decoding=\"async\" src=\"http:\/\/alinelafollie.fr\/wp-content\/uploads\/2020\/11\/1282-construction-avec-son-petit-pot.jpg\" alt=\"Construction et son petit pot Aline Lafollie 2020\" itemprop=\"image\" title=\"1282-construction-avec-son-petit-pot\" onerror=\"this.style.display='none'\"  \/>\n\t\t\t\t<\/a>\n\t\tConstruction avec son-petit pot : haut 8 cm\n\t\t\t\t<a href=\"https:\/\/alinelafollie.fr\/wp-content\/uploads\/2020\/11\/9P3A1238-rect-accord-blanc-250x400mm-scaled.jpg\" target=\"_self\" itemprop=\"url\" rel=\"noopener\">\n\t\t\t\t<img decoding=\"async\" src=\"http:\/\/alinelafollie.fr\/wp-content\/uploads\/2020\/11\/9P3A1238-rect-accord-blanc-250x400mm-scaled.jpg\" alt=\"Accord blanc gr\u00e8s c\u00e9ramique \u00e9maill\u00e9 Aline Laffolie\" itemprop=\"image\" title=\"9P3A1238-rect-accord-blanc-250x400mm\" onerror=\"this.style.display='none'\"  \/>\n\t\t\t\t<\/a>\n\t\tAccord blanc : 25cm x 40 cm\n\t\t\t\t<a href=\"https:\/\/alinelafollie.fr\/wp-content\/uploads\/2020\/11\/1221-pot-aline-lafollie-gres-ceramique.jpg\" target=\"_self\" itemprop=\"url\" rel=\"noopener\">\n\t\t\t\t<img decoding=\"async\" src=\"http:\/\/alinelafollie.fr\/wp-content\/uploads\/2020\/11\/1221-pot-aline-lafollie-gres-ceramique.jpg\" alt=\"Vas en c\u00e9ramique \u00e9maill\u00e9\" itemprop=\"image\" title=\"1221-pot-aline-lafollie-gres-ceramique\" onerror=\"this.style.display='none'\"  \/>\n\t\t\t\t<\/a>\n\t\tVase, haut : 40 cm\n\t\t\t\t<a href=\"https:\/\/alinelafollie.fr\/wp-content\/uploads\/2024\/02\/duo-de-bols-gres.jpg\" target=\"_self\" itemprop=\"url\" rel=\"noopener\">\n\t\t\t\t<img decoding=\"async\" src=\"http:\/\/alinelafollie.fr\/wp-content\/uploads\/2024\/02\/duo-de-bols-gres.jpg\" alt=\"Duo de bols en gr\u00e8s\" itemprop=\"image\" title=\"duo-de-bols-gres\" onerror=\"this.style.display='none'\"  \/>\n\t\t\t\t<\/a>\n\t\tDuo de bols en gr\u00e8s\n\t\t\t\t<a href=\"https:\/\/alinelafollie.fr\/wp-content\/uploads\/2024\/02\/vase-gres-hauteur-40cm.jpg\" target=\"_self\" itemprop=\"url\" rel=\"noopener\">\n\t\t\t\t<img decoding=\"async\" src=\"http:\/\/alinelafollie.fr\/wp-content\/uploads\/2024\/02\/vase-gres-hauteur-40cm.jpg\" alt=\"Vase gr\u00e8s - hauteur 40 cm\" itemprop=\"image\" title=\"vase-gres-hauteur-40cm\" onerror=\"this.style.display='none'\"  \/>\n\t\t\t\t<\/a>\n\t\tVase gr\u00e8s &#8211; hauteur 40 cm\n\t\t\t\t<a href=\"https:\/\/alinelafollie.fr\/wp-content\/uploads\/2020\/11\/1130-bol-ceramique-gres-aline-lafollie-1.jpg\" target=\"_self\" itemprop=\"url\" rel=\"noopener\">\n\t\t\t\t<img decoding=\"async\" src=\"http:\/\/alinelafollie.fr\/wp-content\/uploads\/2020\/11\/1130-bol-ceramique-gres-aline-lafollie-1.jpg\" alt=\"Bol c\u00e9ramique Aline Lafollie\" itemprop=\"image\" title=\"1130-bol-ceramique-gres-aline-lafollie\" onerror=\"this.style.display='none'\"  \/>\n\t\t\t\t<\/a>\n\t\tBol, haut : 8,5 cm \/ diam. 10,5 cm\n\t\t\t\t<a href=\"https:\/\/alinelafollie.fr\/wp-content\/uploads\/2020\/11\/1152-duo-de-gobelets-aline-lafollie.jpg\" target=\"_self\" itemprop=\"url\" rel=\"noopener\">\n\t\t\t\t<img decoding=\"async\" src=\"http:\/\/alinelafollie.fr\/wp-content\/uploads\/2020\/11\/1152-duo-de-gobelets-aline-lafollie.jpg\" alt=\"Duo de gobelets Aline Lafollie\" itemprop=\"image\" title=\"1152-duo-de-gobelets-aline-lafollie\" onerror=\"this.style.display='none'\"  \/>\n\t\t\t\t<\/a>\n\t\tDuo de gobelets, haut : 8 cm \/ diam. 7 cm\n\t\t\t\t<a href=\"https:\/\/alinelafollie.fr\/wp-content\/uploads\/2020\/11\/1269-ensemble-max-aline-lafollie.jpg\" target=\"_self\" itemprop=\"url\" rel=\"noopener\">\n\t\t\t\t<img decoding=\"async\" src=\"http:\/\/alinelafollie.fr\/wp-content\/uploads\/2020\/11\/1269-ensemble-max-aline-lafollie.jpg\" alt=\"Ensemble-scuptural-aline-lafollie\" itemprop=\"image\" title=\"1269-ensemble-max-aline-lafollie\" onerror=\"this.style.display='none'\"  \/>\n\t\t\t\t<\/a>\n\t\tEnsemble de petits cubes : 10 cm x 10 cm max.\n\t\t\t\t<a href=\"https:\/\/alinelafollie.fr\/wp-content\/uploads\/2020\/11\/1246-accord-noir-aline-lafollie-ceramique-gres.jpg\" target=\"_self\" itemprop=\"url\" rel=\"noopener\">\n\t\t\t\t<img decoding=\"async\" src=\"http:\/\/alinelafollie.fr\/wp-content\/uploads\/2020\/11\/1246-accord-noir-aline-lafollie-ceramique-gres.jpg\" alt=\"Accord noir gr\u00e8s c\u00e9ramique \u00e9maill\u00e9 Aline Laffolie\" itemprop=\"image\" title=\"1246-accord-noir-aline-lafollie-ceramique-gres\" onerror=\"this.style.display='none'\"  \/>\n\t\t\t\t<\/a>\n\t\tAccord noir : 14 cm x 45 cm\n\t\t\t\t<a href=\"https:\/\/alinelafollie.fr\/wp-content\/uploads\/2020\/11\/1210-pot-aline-lafollie-gres-ceramique.jpg\" target=\"_self\" itemprop=\"url\" rel=\"noopener\">\n\t\t\t\t<img decoding=\"async\" src=\"http:\/\/alinelafollie.fr\/wp-content\/uploads\/2020\/11\/1210-pot-aline-lafollie-gres-ceramique.jpg\" alt=\"Vase en c\u00e9ramique \u00e9maill\u00e9\" itemprop=\"image\" title=\"1210-pot-aline-lafollie-gres-ceramique\" onerror=\"this.style.display='none'\"  \/>\n\t\t\t\t<\/a>\n\t\tVase, haut : 40 cm\n\t\t\t\t<a href=\"https:\/\/alinelafollie.fr\/wp-content\/uploads\/2024\/02\/pichet-coule-hauteur-30cm.jpg\" target=\"_self\" itemprop=\"url\" rel=\"noopener\">\n\t\t\t\t<img decoding=\"async\" src=\"http:\/\/alinelafollie.fr\/wp-content\/uploads\/2024\/02\/pichet-coule-hauteur-30cm.jpg\" alt=\"Pichet coul\u00e9 - hauteur 30 cm\" itemprop=\"image\" title=\"pichet-coule-hauteur-30cm\" onerror=\"this.style.display='none'\"  \/>\n\t\t\t\t<\/a>\n\t\tPichet coul\u00e9 &#8211; hauteur 30 cm\n\t\t\t\t<a href=\"https:\/\/alinelafollie.fr\/wp-content\/uploads\/2020\/11\/1173-bol-ceramique-gres-aline-lafollie.jpg\" target=\"_self\" itemprop=\"url\" rel=\"noopener\">\n\t\t\t\t<img decoding=\"async\" src=\"http:\/\/alinelafollie.fr\/wp-content\/uploads\/2020\/11\/1173-bol-ceramique-gres-aline-lafollie.jpg\" alt=\"Bol c\u00e9ramique Aline Lafollie\" itemprop=\"image\" title=\"1173-bol-ceramique-gres-aline-lafollie\" onerror=\"this.style.display='none'\"  \/>\n\t\t\t\t<\/a>\n\t\tBol, haut : 8 cm \/ diam. 13 cm\n\t\t\t\t<a href=\"https:\/\/alinelafollie.fr\/wp-content\/uploads\/2020\/11\/1279-construction-avec-son-petit-pot-aline-lafollie.jpg\" target=\"_self\" itemprop=\"url\" rel=\"noopener\">\n\t\t\t\t<img decoding=\"async\" src=\"http:\/\/alinelafollie.fr\/wp-content\/uploads\/2020\/11\/1279-construction-avec-son-petit-pot-aline-lafollie.jpg\" alt=\"Construction et son petit pot Aline Lafollie 2020\" itemprop=\"image\" title=\"1279-construction-avec-son-petit-pot-aline-lafollie\" onerror=\"this.style.display='none'\"  \/>\n\t\t\t\t<\/a>\n\t\tConstruction avec son-petit pot : haut 8 cm\n\t\t\t\t<a href=\"https:\/\/alinelafollie.fr\/wp-content\/uploads\/2020\/11\/1230-accord-blanc-aline-lafollie-ceramique-gres.jpg\" target=\"_self\" itemprop=\"url\" rel=\"noopener\">\n\t\t\t\t<img decoding=\"async\" src=\"http:\/\/alinelafollie.fr\/wp-content\/uploads\/2020\/11\/1230-accord-blanc-aline-lafollie-ceramique-gres.jpg\" alt=\"Accord blanc gr\u00e8s c\u00e9ramique \u00e9maill\u00e9 Aline Laffolie\" itemprop=\"image\" title=\"1230-accord-blanc-aline-lafollie-ceramique-gres\" onerror=\"this.style.display='none'\"  \/>\n\t\t\t\t<\/a>\n\t\tAccord blanc : 17 cm x 40 cm\n\t\t\t\t<a href=\"https:\/\/alinelafollie.fr\/wp-content\/uploads\/2020\/11\/1253-accord-noir-aline-lafollie-ceramique-gres.jpg\" target=\"_self\" itemprop=\"url\" rel=\"noopener\">\n\t\t\t\t<img decoding=\"async\" src=\"http:\/\/alinelafollie.fr\/wp-content\/uploads\/2020\/11\/1253-accord-noir-aline-lafollie-ceramique-gres.jpg\" alt=\"Accord noir gr\u00e8s c\u00e9ramique \u00e9maill\u00e9 Aline Laffolie\" itemprop=\"image\" title=\"1253-accord-noir-aline-lafollie-ceramique-gres\" onerror=\"this.style.display='none'\"  \/>\n\t\t\t\t<\/a>\n\t\tAccord noir : 15 cm x 35 cm\n\t\t\t\t<a href=\"https:\/\/alinelafollie.fr\/wp-content\/uploads\/2020\/11\/1221-01-vase-aline-lafollie-gres-ceramique.jpg\" target=\"_self\" itemprop=\"url\" rel=\"noopener\">\n\t\t\t\t<img decoding=\"async\" src=\"http:\/\/alinelafollie.fr\/wp-content\/uploads\/2020\/11\/1221-01-vase-aline-lafollie-gres-ceramique.jpg\" alt=\"Vase en c\u00e9ramique \u00e9maill\u00e9\" itemprop=\"image\" title=\"1221-01-vase-aline-lafollie-gres-ceramique\" onerror=\"this.style.display='none'\"  \/>\n\t\t\t\t<\/a>\n\t\tVase, haut : 40 cm\n\t<h1>Saison bleue<\/h1>\n\t\t\t\t<a href=\"https:\/\/alinelafollie.fr\/wp-content\/uploads\/2019\/04\/01-bol-aline-lafollie-ceramique-poterie.jpg\" target=\"_self\" itemprop=\"url\" rel=\"noopener\">\n\t\t\t\t<img decoding=\"async\" loading=\"lazy\" src=\"https:\/\/alinelafollie.fr\/wp-content\/uploads\/2019\/04\/01-bol-aline-lafollie-ceramique-poterie.jpg\" alt=\"01-bol-aline-lafollie-ceramique-poterie\" itemprop=\"image\" height=\"2000\" width=\"2000\" title=\"01-bol-aline-lafollie-ceramique-poterie\" onerror=\"this.style.display='none'\"  \/>\n\t\t\t\t<\/a>\n\t\t\t\t<a href=\"https:\/\/alinelafollie.fr\/wp-content\/uploads\/2019\/04\/04-gobelets-aline-lafollie-ceramique-poterie.jpg\" target=\"_self\" itemprop=\"url\" rel=\"noopener\">\n\t\t\t\t<img decoding=\"async\" src=\"http:\/\/alinelafollie.fr\/wp-content\/uploads\/2019\/04\/04-gobelets-aline-lafollie-ceramique-poterie.jpg\" alt=\"04-gobelets-aline-lafollie-ceramique-poterie\" itemprop=\"image\" title=\"04-gobelets-aline-lafollie-ceramique-poterie\" onerror=\"this.style.display='none'\"  \/>\n\t\t\t\t<\/a>\n\t\t\t\t<a href=\"https:\/\/alinelafollie.fr\/wp-content\/uploads\/2019\/04\/07-pichets-aline-lafollie-ceramique-poterie.jpg\" target=\"_self\" itemprop=\"url\" rel=\"noopener\">\n\t\t\t\t<img decoding=\"async\" src=\"http:\/\/alinelafollie.fr\/wp-content\/uploads\/2019\/04\/07-pichets-aline-lafollie-ceramique-poterie.jpg\" alt=\"07-pichets-aline-lafollie-ceramique-poterie\" itemprop=\"image\" title=\"07-pichets-aline-lafollie-ceramique-poterie\" onerror=\"this.style.display='none'\"  \/>\n\t\t\t\t<\/a>\n\t\t\t\t<a href=\"https:\/\/alinelafollie.fr\/wp-content\/uploads\/2019\/04\/10.construcution-aline-lafollie-ceramique-poterie.jpg\" target=\"_self\" itemprop=\"url\" rel=\"noopener\">\n\t\t\t\t<img decoding=\"async\" src=\"http:\/\/alinelafollie.fr\/wp-content\/uploads\/2019\/04\/10.construcution-aline-lafollie-ceramique-poterie.jpg\" alt=\"10.construcution-aline-lafollie-ceramique-poterie\" itemprop=\"image\" title=\"10.construcution-aline-lafollie-ceramique-poterie\" onerror=\"this.style.display='none'\"  \/>\n\t\t\t\t<\/a>\n\t\t\t\t<a href=\"https:\/\/alinelafollie.fr\/wp-content\/uploads\/2019\/04\/02-bol-aline-lafollie-ceramique-poterie.jpg\" target=\"_self\" itemprop=\"url\" rel=\"noopener\">\n\t\t\t\t<img decoding=\"async\" src=\"http:\/\/alinelafollie.fr\/wp-content\/uploads\/2019\/04\/02-bol-aline-lafollie-ceramique-poterie.jpg\" alt=\"02-bol-aline-lafollie-ceramique-poterie\" itemprop=\"image\" title=\"02-bol-aline-lafollie-ceramique-poterie\" onerror=\"this.style.display='none'\"  \/>\n\t\t\t\t<\/a>\n\t\t\t\t<a href=\"https:\/\/alinelafollie.fr\/wp-content\/uploads\/2019\/04\/05.pichet-aline-lafollie-ceramique-poterie.jpg\" target=\"_self\" itemprop=\"url\" rel=\"noopener\">\n\t\t\t\t<img decoding=\"async\" src=\"http:\/\/alinelafollie.fr\/wp-content\/uploads\/2019\/04\/05.pichet-aline-lafollie-ceramique-poterie.jpg\" alt=\"05.pichet-aline-lafollie-ceramique-poterie\" itemprop=\"image\" title=\"05.pichet-aline-lafollie-ceramique-poterie\" onerror=\"this.style.display='none'\"  \/>\n\t\t\t\t<\/a>\n\t\t\t\t<a href=\"https:\/\/alinelafollie.fr\/wp-content\/uploads\/2019\/04\/08.pot-aline-lafollie-ceramique-poterie.jpg\" target=\"_self\" itemprop=\"url\" rel=\"noopener\">\n\t\t\t\t<img decoding=\"async\" src=\"http:\/\/alinelafollie.fr\/wp-content\/uploads\/2019\/04\/08.pot-aline-lafollie-ceramique-poterie.jpg\" alt=\"08.pot-aline-lafollie-ceramique-poterie\" itemprop=\"image\" title=\"08.pot-aline-lafollie-ceramique-poterie\" onerror=\"this.style.display='none'\"  \/>\n\t\t\t\t<\/a>\n\t\t\t\t<a href=\"https:\/\/alinelafollie.fr\/wp-content\/uploads\/2020\/12\/11.construction-aline-lafollie-ceramique-poterie.jpg\" target=\"_self\" itemprop=\"url\" rel=\"noopener\">\n\t\t\t\t<img decoding=\"async\" src=\"http:\/\/alinelafollie.fr\/wp-content\/uploads\/2020\/12\/11.construction-aline-lafollie-ceramique-poterie.jpg\" alt=\"Construction Aline Lafollie C\u00e9ramique\" itemprop=\"image\" title=\"11.construction-aline-lafollie-ceramique-poterie\" onerror=\"this.style.display='none'\"  \/>\n\t\t\t\t<\/a>\n\t\t\t\t<a href=\"https:\/\/alinelafollie.fr\/wp-content\/uploads\/2019\/04\/03-gobelet-aline-lafollie-ceramique-poterie.jpg\" target=\"_self\" itemprop=\"url\" rel=\"noopener\">\n\t\t\t\t<img decoding=\"async\" src=\"http:\/\/alinelafollie.fr\/wp-content\/uploads\/2019\/04\/03-gobelet-aline-lafollie-ceramique-poterie.jpg\" alt=\"03-gobelet-aline-lafollie-ceramique-poterie\" itemprop=\"image\" title=\"03-gobelet-aline-lafollie-ceramique-poterie\" onerror=\"this.style.display='none'\"  \/>\n\t\t\t\t<\/a>\n\t\t\t\t<a href=\"https:\/\/alinelafollie.fr\/wp-content\/uploads\/2019\/04\/06.pichet-aline-lafollie-ceramique-poterie.jpg\" target=\"_self\" itemprop=\"url\" rel=\"noopener\">\n\t\t\t\t<img decoding=\"async\" src=\"http:\/\/alinelafollie.fr\/wp-content\/uploads\/2019\/04\/06.pichet-aline-lafollie-ceramique-poterie.jpg\" alt=\"06.pichet-aline-lafollie-ceramique-poterie\" itemprop=\"image\" title=\"06.pichet-aline-lafollie-ceramique-poterie\" onerror=\"this.style.display='none'\"  \/>\n\t\t\t\t<\/a>\n\t\t\t\t<a href=\"https:\/\/alinelafollie.fr\/wp-content\/uploads\/2019\/04\/09.construction-aline-lafollie-ceramique-poterie-2.jpg\" target=\"_self\" itemprop=\"url\" rel=\"noopener\">\n\t\t\t\t<img decoding=\"async\" src=\"http:\/\/alinelafollie.fr\/wp-content\/uploads\/2019\/04\/09.construction-aline-lafollie-ceramique-poterie-2.jpg\" alt=\"09.construction-aline-lafollie-ceramique-poterie-2\" itemprop=\"image\" title=\"09.construction-aline-lafollie-ceramique-poterie-2\" onerror=\"this.style.display='none'\"  \/>\n\t\t\t\t<\/a>\n\t\t\t\t<a href=\"https:\/\/alinelafollie.fr\/wp-content\/uploads\/2020\/12\/12.construction-aline-lafollie-ceramique-poterie-1.jpg\" target=\"_self\" itemprop=\"url\" rel=\"noopener\">\n\t\t\t\t<img decoding=\"async\" src=\"http:\/\/alinelafollie.fr\/wp-content\/uploads\/2020\/12\/12.construction-aline-lafollie-ceramique-poterie-1.jpg\" alt=\"Construction blanche Aline Laffolie\" itemprop=\"image\" title=\"12.construction-aline-lafollie-ceramique-poterie\" onerror=\"this.style.display='none'\"  \/>\n\t\t\t\t<\/a>\n\t<h1>Saison blanche<\/h1>\n\t\t\t\t<a href=\"https:\/\/alinelafollie.fr\/wp-content\/uploads\/2020\/12\/01-construction-saison-blanche-aline-lafollie.jpg\" target=\"_self\" itemprop=\"url\" rel=\"noopener\">\n\t\t\t\t<img decoding=\"async\" src=\"http:\/\/alinelafollie.fr\/wp-content\/uploads\/2020\/12\/01-construction-saison-blanche-aline-lafollie.jpg\" alt=\"Construction blanche Aline Laffolie\" itemprop=\"image\" title=\"01-construction-saison-blanche-aline-lafollie\" onerror=\"this.style.display='none'\"  \/>\n\t\t\t\t<\/a>\n\t\t\t\t<a href=\"https:\/\/alinelafollie.fr\/wp-content\/uploads\/2020\/12\/04-constructionsaison-blanche-aline-lafollie.jpg\" target=\"_self\" itemprop=\"url\" rel=\"noopener\">\n\t\t\t\t<img decoding=\"async\" src=\"http:\/\/alinelafollie.fr\/wp-content\/uploads\/2020\/12\/04-constructionsaison-blanche-aline-lafollie.jpg\" alt=\"Construction blanche Aline Laffolie\" itemprop=\"image\" title=\"04-constructionsaison-blanche-aline-lafollie\" onerror=\"this.style.display='none'\"  \/>\n\t\t\t\t<\/a>\n\t\t\t\t<a href=\"https:\/\/alinelafollie.fr\/wp-content\/uploads\/2020\/12\/07-constructionsaison-blanche-aline-lafollie.jpg\" target=\"_self\" itemprop=\"url\" rel=\"noopener\">\n\t\t\t\t<img decoding=\"async\" src=\"http:\/\/alinelafollie.fr\/wp-content\/uploads\/2020\/12\/07-constructionsaison-blanche-aline-lafollie.jpg\" alt=\"Construction blanche Aline Laffolie\" itemprop=\"image\" title=\"07-constructionsaison-blanche-aline-lafollie\" onerror=\"this.style.display='none'\"  \/>\n\t\t\t\t<\/a>\n\t\t\t\t<a href=\"https:\/\/alinelafollie.fr\/wp-content\/uploads\/2020\/12\/10-construction-saison-blanche-aline-lafollie.jpg\" target=\"_self\" itemprop=\"url\" rel=\"noopener\">\n\t\t\t\t<img decoding=\"async\" src=\"http:\/\/alinelafollie.fr\/wp-content\/uploads\/2020\/12\/10-construction-saison-blanche-aline-lafollie.jpg\" alt=\"Construction blanche Aline Laffolie\" itemprop=\"image\" title=\"10-construction-saison-blanche-aline-lafollie\" onerror=\"this.style.display='none'\"  \/>\n\t\t\t\t<\/a>\n\t\t\t\t<a href=\"https:\/\/alinelafollie.fr\/wp-content\/uploads\/2020\/12\/02-constructionsaison-blanche-aline-lafollie.jpg\" target=\"_self\" itemprop=\"url\" rel=\"noopener\">\n\t\t\t\t<img decoding=\"async\" src=\"http:\/\/alinelafollie.fr\/wp-content\/uploads\/2020\/12\/02-constructionsaison-blanche-aline-lafollie.jpg\" alt=\"Construction blanche Aline Laffolie\" itemprop=\"image\" title=\"02-constructionsaison-blanche-aline-lafollie\" onerror=\"this.style.display='none'\"  \/>\n\t\t\t\t<\/a>\n\t\t\t\t<a href=\"https:\/\/alinelafollie.fr\/wp-content\/uploads\/2020\/12\/05-constructionsaison-blanche-aline-lafollie.jpg\" target=\"_self\" itemprop=\"url\" rel=\"noopener\">\n\t\t\t\t<img decoding=\"async\" src=\"http:\/\/alinelafollie.fr\/wp-content\/uploads\/2020\/12\/05-constructionsaison-blanche-aline-lafollie.jpg\" alt=\"Construction blanche Aline Laffolie\" itemprop=\"image\" title=\"05-constructionsaison-blanche-aline-lafollie\" onerror=\"this.style.display='none'\"  \/>\n\t\t\t\t<\/a>\n\t\t\t\t<a href=\"https:\/\/alinelafollie.fr\/wp-content\/uploads\/2020\/12\/08-construction-saison-blanche-aline-lafollie.jpg\" target=\"_self\" itemprop=\"url\" rel=\"noopener\">\n\t\t\t\t<img decoding=\"async\" src=\"http:\/\/alinelafollie.fr\/wp-content\/uploads\/2020\/12\/08-construction-saison-blanche-aline-lafollie.jpg\" alt=\"Construction blanche Aline Laffolie\" itemprop=\"image\" title=\"08-construction-saison-blanche-aline-lafollie\" onerror=\"this.style.display='none'\"  \/>\n\t\t\t\t<\/a>\n\t\t\t\t<a href=\"https:\/\/alinelafollie.fr\/wp-content\/uploads\/2020\/12\/11-pichet-bol-saison-blanche-aline-lafollie.jpg\" target=\"_self\" itemprop=\"url\" rel=\"noopener\">\n\t\t\t\t<img decoding=\"async\" src=\"http:\/\/alinelafollie.fr\/wp-content\/uploads\/2020\/12\/11-pichet-bol-saison-blanche-aline-lafollie.jpg\" alt=\"Ceramique blanche Aline Laffolie Arras\" itemprop=\"image\" title=\"11-pichet-bol-saison-blanche-aline-lafollie\" onerror=\"this.style.display='none'\"  \/>\n\t\t\t\t<\/a>\n\t\t\t\t<a href=\"https:\/\/alinelafollie.fr\/wp-content\/uploads\/2020\/12\/03-constructionsaison-blanche-aline-lafollie-1.jpg\" target=\"_self\" itemprop=\"url\" rel=\"noopener\">\n\t\t\t\t<img decoding=\"async\" src=\"http:\/\/alinelafollie.fr\/wp-content\/uploads\/2020\/12\/03-constructionsaison-blanche-aline-lafollie-1.jpg\" alt=\"Construction blanche Aline Laffolie\" itemprop=\"image\" title=\"03-constructionsaison-blanche-aline-lafollie\" onerror=\"this.style.display='none'\"  \/>\n\t\t\t\t<\/a>\n\t\t\t\t<a href=\"https:\/\/alinelafollie.fr\/wp-content\/uploads\/2020\/12\/06-constructionsaison-blanche-aline-lafollie.jpg\" target=\"_self\" itemprop=\"url\" rel=\"noopener\">\n\t\t\t\t<img decoding=\"async\" src=\"http:\/\/alinelafollie.fr\/wp-content\/uploads\/2020\/12\/06-constructionsaison-blanche-aline-lafollie.jpg\" alt=\"Construction blanche Aline Laffolie\" itemprop=\"image\" title=\"06-constructionsaison-blanche-aline-lafollie\" onerror=\"this.style.display='none'\"  \/>\n\t\t\t\t<\/a>\n\t\t\t\t<a href=\"https:\/\/alinelafollie.fr\/wp-content\/uploads\/2020\/12\/09-construction-saison-blanche-aline-lafollie.jpg\" target=\"_self\" itemprop=\"url\" rel=\"noopener\">\n\t\t\t\t<img decoding=\"async\" src=\"http:\/\/alinelafollie.fr\/wp-content\/uploads\/2020\/12\/09-construction-saison-blanche-aline-lafollie.jpg\" alt=\"Construction blanche Aline Laffolie\" itemprop=\"image\" title=\"09-construction-saison-blanche-aline-lafollie\" onerror=\"this.style.display='none'\"  \/>\n\t\t\t\t<\/a>\n\t\t\t\t<a href=\"https:\/\/alinelafollie.fr\/wp-content\/uploads\/2020\/12\/12-vase-saison-blanche-aline-lafollie.jpg\" target=\"_self\" itemprop=\"url\" rel=\"noopener\">\n\t\t\t\t<img decoding=\"async\" src=\"http:\/\/alinelafollie.fr\/wp-content\/uploads\/2020\/12\/12-vase-saison-blanche-aline-lafollie.jpg\" alt=\"Ceramique blanche Aline Laffolie Arras\" itemprop=\"image\" title=\"12-vase-saison-blanche-aline-lafollie\" onerror=\"this.style.display='none'\"  \/>\n\t\t\t\t<\/a>\n\t<h2><\/h2>\n<p>Aline LAFOLLIE C\u00e9ramique &#8211;\u00a0ARRAS (62)<\/p>\n<p>&nbsp;<\/p>\n<p><a href=\"mailto:aline.lafollie@hotmail.fr\" target=\"_blank\" rel=\"noopener\">aline.lafollie@hotmail.fr<\/a><\/p>\n<p><strong>06 26 53 74 50<\/strong><\/p>\n","protected":false},"excerpt":{"rendered":"<p>Aline Lafollie C\u00e9ramique ARRAS (62) \u00c9v\u00e9nements &nbsp; &nbsp; 13 et 14 d\u00e9cembre 2025 Rendez-vous \u00e0 l&rsquo;atelier, ventes de No\u00ebl \/ portes ouvertes : vide atelier et derni\u00e8res pi\u00e8ces d&rsquo;automne de mes cr\u00e9ations. Avec la pr\u00e9sence de la librairie ambulante \u201cTour et d\u00e9tours\u201c, le collectif FAIREargile et les gravures de Suzanne Letombe __________ 20 d\u00e9cembre 2025&#8230;<\/p>\n","protected":false},"author":1,"featured_media":0,"parent":0,"menu_order":0,"comment_status":"closed","ping_status":"open","template":"full-width-page.php","meta":[],"_links":{"self":[{"href":"http:\/\/alinelafollie.fr\/index.php?rest_route=\/wp\/v2\/pages\/2"}],"collection":[{"href":"http:\/\/alinelafollie.fr\/index.php?rest_route=\/wp\/v2\/pages"}],"about":[{"href":"http:\/\/alinelafollie.fr\/index.php?rest_route=\/wp\/v2\/types\/page"}],"author":[{"embeddable":true,"href":"http:\/\/alinelafollie.fr\/index.php?rest_route=\/wp\/v2\/users\/1"}],"replies":[{"embeddable":true,"href":"http:\/\/alinelafollie.fr\/index.php?rest_route=%2Fwp%2Fv2%2Fcomments&post=2"}],"version-history":[{"count":137,"href":"http:\/\/alinelafollie.fr\/index.php?rest_route=\/wp\/v2\/pages\/2\/revisions"}],"predecessor-version":[{"id":388,"href":"http:\/\/alinelafollie.fr\/index.php?rest_route=\/wp\/v2\/pages\/2\/revisions\/388"}],"wp:attachment":[{"href":"http:\/\/alinelafollie.fr\/index.php?rest_route=%2Fwp%2Fv2%2Fmedia&parent=2"}],"curies":[{"name":"wp","href":"https:\/\/api.w.org\/{rel}","templated":true}]}}